{"id":49,"date":"2023-08-16T09:39:42","date_gmt":"2023-08-16T09:39:42","guid":{"rendered":"https:\/\/upinfood.erasmus.site\/?page_id=49"},"modified":"2023-09-14T18:46:50","modified_gmt":"2023-09-14T18:46:50","slug":"more-about-upinfood","status":"publish","type":"page","link":"https:\/\/upinfood.erasmus.site\/lt\/more-about-upinfood\/","title":{"rendered":"Daugiau apie UPINFOOD"},"content":{"rendered":"<p>Ar \u017einojote?<\/p>\n<p>ES maisto ir g\u0117rim\u0173 pramon\u0117 yra did\u017eiausias gamybos sektorius pagal apyvart\u0105, prid\u0117tin\u0119 vert\u0119 ir u\u017eimtum\u0105. Jos<br \/>\nind\u0117lis \u012f Europos ekonomik\u0105 yra labai svarbus: visoje ES dirba 4,25 mln. darbuotoj\u0173, o apyvarta vir\u0161ija 1 trilijon\u0105 eur\u0173. Taip pat sudaro daugiau kaip 285 000 MV\u012e (99,1 proc. \u017eem\u0117s \u016bkio ir maisto produkt\u0173 sektoriaus \u012fmoni\u0173).<br \/>\nDabartin\u0117 maisto grandin\u0117s strukt\u016bra yra problemi\u0161ka, nes daro didel\u012f socialin\u012f ir ekonomin\u012f poveik\u012f bei poveik\u012f aplinkai. M\u016bs\u0173 sistema likusi nuo pokario , kai buvo siekiama u\u017etikrinti apsir\u016bpinim\u0105 maistu. Tai pavyko daugiau nei s\u0117kmingai,<br \/>\nd\u0117l to atsiranda perprodukcija, blog\u0117ja aplinkos b\u016bkl\u0117, senka gamtos i\u0161tekliai ir kyla susir\u016bpinimas d\u0117l visuomen\u0117s sveikatos ir gyv\u016bn\u0173 gerove. Pagrindin\u0117s \u017eem\u0117s \u016bkio ir maisto produkt\u0173 sektoriaus strukt\u016bros tendencijos &#8211; didesn\u0117s bet ma\u017eiau \u012fmoni\u0173 ir didesn\u0117 mechanizacija, kad b\u016bt\u0173 galima pasinaudoti masto ekonomijos privalumais. Ta\u010diau \u0161i tendencija skiriasi nuo tvarios visuomen\u0117s id\u0117jos, kuriai b\u016bdinga gyvybinga maisto produkt\u0173 pasi\u016bla vietos rinkoje.<\/p>\n<p>Apie UPINFOOD<\/p>\n<p>Pagrindinis projekto UPINFOOD tikslas &#8211; skatinti \u0161io sektoriaus pertvark\u0105, siekiant sukurti nauj\u0105 modernizuot\u0105 maisto vizij\u0105, kuri patenkint\u0173 \u0161iuolaikin\u0119 kokybi\u0161k\u0173 ir sveik\u0173 produkt\u0173 paklaus\u0105 ir b\u016bt\u0173 tvari, i\u0161naudojant visas naujas galimybes, technologijas ir tampant inovacij\u0173 diegimo varikliu d\u0117ka \u0161ios pramon\u0117s dalyviams skirto \u0161vietimo. Taigi mes ketiname:<br \/>\n&#8211; Sukurti kompetencij\u0173 sistem\u0105<br \/>\n&#8211; Mokyti sektoriaus specialistus.<br \/>\n&#8211; Sukurti bendradarbiavimo \u012frankius<br \/>\n&#8211; Apr\u016bpinti mokymo \u012frankiais profesinio rengimo ir mokymo centrus<\/p>\n<p>UPINFOOD tikslin\u0117s grup\u0117s<\/p>\n<p>T1. Maisto mikro\u012fmoni\u0173 ir ma\u017e\u0173j\u0173 \u012fmoni\u0173 specialistai<br \/>\n\u0160iuo T1 atveju kalbame apie specialistus, verslininkus, administratorius ir (arba) vadovus, atsakingus u\u017e sprendim\u0173 pri\u0117mim\u0105 maisto sektoriaus labai ma\u017eose \u012fmon\u0117se (da\u017eniausiai \u0161eimos \u012fmon\u0117se). \u0160iai kategorijai taip pat priskiriame b\u016bsimus \u2013 \u201enoriu b\u016bti\u201c<br \/>\nspecialistus, kurie turi pa\u0161aukim\u0105 patekti \u012f \u0161i\u0105 darbo rink\u0105. Taigi, T1 galime rasti pirminio ir t\u0119stinio profesinio mokymo mokymuose, individualiuose mokymuose, vertinimo paslaugose ir kt.<\/p>\n<p>T2. Maisto sektoriuose dirbantys profesinio mokymo specialistai<br \/>\nTai apima pirminio ir t\u0119stinio profesinio mokymo darbuotojus, tiek formaliojo, tiek neformaliojo \u0161vietimo srityse, kurie rengia su maisto sektoriumi susijusius kursus, nepriklausomai nuo specializacijos. \u012e \u0161i\u0105 grup\u0119 taip pat \u012feina mokytojai, dirbantys su ekonomika susijusiose srityse, pvz.<br \/>\nverslumo arba verslo administravimo.<\/p>\n<p>T3. Suinteresuotosios \u0161alys<br \/>\n&#8211; Vietos verslo asociacijos, federacijos ir r\u016bmai, kurie teikia profesinio mokymo paslaugas vietos verslo \u012fmon\u0117ms.<br \/>\n&#8211; profesinio mokymo \u012fstaigos, atsakingos u\u017e esam\u0173 ir b\u016bsim\u0173 maisto pramon\u0117s specialist\u0173 mokym\u0105.<br \/>\n&#8211; pl\u0117tros agent\u016bros ir visos kitos ekonomikos sektoriaus suinteresuotosios \u0161alys, kurios si\u016blyt\u0173 mokymus prisijungusiems verslininkams.<br \/>\n&#8211; Kiti Erasmus+ projektai, ypa\u010d tie, kuriuose rengiami mokymai tvarumo, inovacij\u0173 ir su maistu susijusiose srityse.<\/p>\n<p>T4. Vietos bendruomen\u0117s, kurioms bus naudingas geresnis ESG politikos informuotumas ir \u012fgyvendinimas.<br \/>\nBe to, \u0161iame T4 bus:<br \/>\n&#8211; vald\u017eios institucijos, atsakingos u\u017e profesinio rengimo ir mokymo \/ verslo politik\u0105, nes jos gal\u0117t\u0173 \u012fsiki\u0161ti politikos lygmeniu ir paremti projekt\u0105.<br \/>\n&#8211; PVO ir kiti tinklai, dirbantys vietos, nacionaliniu ir ES lygmenimis maisto, tvarumo ir inovacij\u0173 skatinimo srityje.<\/p>\n<p>T5. Partneriai: \u0161i paskutin\u0117 kategorija buvo sukurta tod\u0117l, kad kai kuriose projekto veiklose dalyvaus tik partneriai, ta\u010diau reikia pasteb\u0117ti, kad jie visi jau priklauso T2 ir T3 tikslin\u0117ms grup\u0117ms.<\/p>\n<p>UPINFOOD tikslai<\/p>\n<p>-Profesinio rengimo ir mokymo pritaikymas prie darbo rinkos poreiki\u0173, siekiant skatinti tvarias maisto pramon\u0117s \u012fmoni\u0173 strategijas.<br \/>\n-Lankstesni\u0173 profesinio rengimo ir mokymo galimybi\u0173 didinimas: si\u016blomu metodu siekiama skatinti praktin\u012f mokym\u0105si ir mokym\u0105si bendradarbiaujant.<br \/>\n-Pagal ES \u017dali\u0105j\u012f kurs\u0105 UPINFOOD daugiausia d\u0117mesio skiria tvariems metodams, kad prisid\u0117t\u0173 prie kovos su klimato kaita.<\/p>","protected":false},"excerpt":{"rendered":"<p>Ar \u017einojote? ES maisto ir g\u0117rim\u0173 pramon\u0117 yra did\u017eiausias gamybos sektorius pagal apyvart\u0105, prid\u0117tin\u0119 vert\u0119 ir u\u017eimtum\u0105. Jos ind\u0117lis \u012f Europos ekonomik\u0105 yra labai svarbus: visoje ES dirba 4,25 mln. darbuotoj\u0173, o apyvarta vir\u0161ija 1 trilijon\u0105 eur\u0173. Taip pat sudaro daugiau kaip 285 000 MV\u012e (99,1 proc. \u017eem\u0117s \u016bkio ir maisto produkt\u0173 sektoriaus \u012fmoni\u0173). Dabartin\u0117&hellip;&nbsp;<\/p>\n","protected":false},"author":1,"featured_media":0,"parent":0,"menu_order":0,"comment_status":"closed","ping_status":"closed","template":"","meta":{"neve_meta_sidebar":"","neve_meta_container":"","neve_meta_enable_content_width":"off","neve_meta_content_width":100,"neve_meta_title_alignment":"","neve_meta_author_avatar":"","neve_post_elements_order":"","neve_meta_disable_header":"","neve_meta_disable_footer":"","neve_meta_disable_title":"","footnotes":""},"class_list":["post-49","page","type-page","status-publish","hentry"],"_links":{"self":[{"href":"https:\/\/upinfood.erasmus.site\/lt\/wp-json\/wp\/v2\/pages\/49","targetHints":{"allow":["GET"]}}],"collection":[{"href":"https:\/\/upinfood.erasmus.site\/lt\/wp-json\/wp\/v2\/pages"}],"about":[{"href":"https:\/\/upinfood.erasmus.site\/lt\/wp-json\/wp\/v2\/types\/page"}],"author":[{"embeddable":true,"href":"https:\/\/upinfood.erasmus.site\/lt\/wp-json\/wp\/v2\/users\/1"}],"replies":[{"embeddable":true,"href":"https:\/\/upinfood.erasmus.site\/lt\/wp-json\/wp\/v2\/comments?post=49"}],"version-history":[{"count":7,"href":"https:\/\/upinfood.erasmus.site\/lt\/wp-json\/wp\/v2\/pages\/49\/revisions"}],"predecessor-version":[{"id":225,"href":"https:\/\/upinfood.erasmus.site\/lt\/wp-json\/wp\/v2\/pages\/49\/revisions\/225"}],"wp:attachment":[{"href":"https:\/\/upinfood.erasmus.site\/lt\/wp-json\/wp\/v2\/media?parent=49"}],"curies":[{"name":"wp","href":"https:\/\/api.w.org\/{rel}","templated":true}]}}